{"id":226,"date":"2023-09-14T17:00:52","date_gmt":"2023-09-14T17:00:52","guid":{"rendered":"https:\/\/gmvenvios.com\/?page_id=226"},"modified":"2023-11-04T22:37:23","modified_gmt":"2023-11-04T22:37:23","slug":"faq","status":"publish","type":"page","link":"https:\/\/gmvenvios.com\/en\/faq\/","title":{"rendered":"FAQ"},"content":{"rendered":"<div data-elementor-type=\"wp-page\" data-elementor-id=\"226\" class=\"elementor elementor-226\" data-elementor-post-type=\"page\">\n\t\t\t\t\t\t<section class=\"elementor-section elementor-top-section elementor-element elementor-element-18eac67 elementor-section-height-min-height elementor-section-content-bottom elementor-section-boxed elementor-section-height-default elementor-section-items-middle\" data-id=\"18eac67\" data-element_type=\"section\" data-settings=\"{&quot;background_background&quot;:&quot;classic&quot;}\">\n\t\t\t\t\t\t\t<div class=\"elementor-background-overlay\"><\/div>\n\t\t\t\t\t\t\t<div class=\"elementor-container elementor-column-gap-no\">\n\t\t\t\t\t<div class=\"elementor-column elementor-col-50 elementor-top-column elementor-element elementor-element-8c15315\" data-id=\"8c15315\" data-element_type=\"column\">\n\t\t\t<div class=\"elementor-widget-wrap elementor-element-populated\">\n\t\t\t\t\t\t<div class=\"elementor-element elementor-element-9e327b6 elementor-widget elementor-widget-heading\" data-id=\"9e327b6\" data-element_type=\"widget\" data-widget_type=\"heading.default\">\n\t\t\t\t<div class=\"elementor-widget-container\">\n\t\t\t\t\t<h1 class=\"elementor-heading-title elementor-size-default\">FAQ<\/h1>\t\t\t\t<\/div>\n\t\t\t\t<\/div>\n\t\t\t\t<div class=\"elementor-element elementor-element-4506706 elementor-widget elementor-widget-heading\" data-id=\"4506706\" data-element_type=\"widget\" data-widget_type=\"heading.default\">\n\t\t\t\t<div class=\"elementor-widget-container\">\n\t\t\t\t\t<h2 class=\"elementor-heading-title elementor-size-default\">Frequently Asked Questions<\/h2>\t\t\t\t<\/div>\n\t\t\t\t<\/div>\n\t\t\t\t\t<\/div>\n\t\t<\/div>\n\t\t\t\t<div class=\"elementor-column elementor-col-50 elementor-top-column elementor-element elementor-element-9dce4ca\" data-id=\"9dce4ca\" data-element_type=\"column\">\n\t\t\t<div class=\"elementor-widget-wrap\">\n\t\t\t\t\t\t\t<\/div>\n\t\t<\/div>\n\t\t\t\t\t<\/div>\n\t\t<\/section>\n\t\t\t\t<section class=\"elementor-section elementor-top-section elementor-element elementor-element-ea344b9 elementor-section-boxed elementor-section-height-default elementor-section-height-default\" data-id=\"ea344b9\" data-element_type=\"section\">\n\t\t\t\t\t\t<div class=\"elementor-container elementor-column-gap-default\">\n\t\t\t\t\t<div class=\"elementor-column elementor-col-100 elementor-top-column elementor-element elementor-element-9cb13df\" data-id=\"9cb13df\" data-element_type=\"column\">\n\t\t\t<div class=\"elementor-widget-wrap elementor-element-populated\">\n\t\t\t\t\t\t<div class=\"elementor-element elementor-element-48adef4 elementor-widget elementor-widget-heading\" data-id=\"48adef4\" data-element_type=\"widget\" data-widget_type=\"heading.default\">\n\t\t\t\t<div class=\"elementor-widget-container\">\n\t\t\t\t\t<h3 class=\"elementor-heading-title elementor-size-default\">Perguntas Mais Populares<\/h3>\t\t\t\t<\/div>\n\t\t\t\t<\/div>\n\t\t\t\t<section class=\"elementor-section elementor-inner-section elementor-element elementor-element-e3b3571 elementor-section-boxed elementor-section-height-default elementor-section-height-default\" data-id=\"e3b3571\" data-element_type=\"section\">\n\t\t\t\t\t\t<div class=\"elementor-container elementor-column-gap-default\">\n\t\t\t\t\t<div class=\"elementor-column elementor-col-50 elementor-inner-column elementor-element elementor-element-7fefe9e\" data-id=\"7fefe9e\" data-element_type=\"column\" data-settings=\"{&quot;background_background&quot;:&quot;classic&quot;}\">\n\t\t\t<div class=\"elementor-widget-wrap elementor-element-populated\">\n\t\t\t\t\t\t<div class=\"elementor-element elementor-element-1c8e12f elementor-position-left elementor-vertical-align-top elementor-widget elementor-widget-image-box\" data-id=\"1c8e12f\" data-element_type=\"widget\" data-widget_type=\"image-box.default\">\n\t\t\t\t<div class=\"elementor-widget-container\">\n\t\t\t\t\t<div class=\"elementor-image-box-wrapper\"><figure class=\"elementor-image-box-img\"><img decoding=\"async\" width=\"49\" height=\"50\" src=\"https:\/\/gmvenvios.com\/wp-content\/uploads\/2023\/09\/faq.png\" class=\"attachment-full size-full wp-image-229\" alt=\"\" \/><\/figure><div class=\"elementor-image-box-content\"><h3 class=\"elementor-image-box-title\">What are the 'Terms and Conditions' of GMV Envios?<\/h3><p class=\"elementor-image-box-description\">GMV Brands and Services LLC, operating under the name 'GMV Envios,' provides a contract for use. By starting to use our services, it is understood that you agree to it.<\/p><\/div><\/div>\t\t\t\t<\/div>\n\t\t\t\t<\/div>\n\t\t\t\t\t<\/div>\n\t\t<\/div>\n\t\t\t\t<div class=\"elementor-column elementor-col-50 elementor-inner-column elementor-element elementor-element-6f0b671\" data-id=\"6f0b671\" data-element_type=\"column\" data-settings=\"{&quot;background_background&quot;:&quot;classic&quot;}\">\n\t\t\t<div class=\"elementor-widget-wrap elementor-element-populated\">\n\t\t\t\t\t\t<div class=\"elementor-element elementor-element-3cf6b07 elementor-position-left elementor-vertical-align-top elementor-widget elementor-widget-image-box\" data-id=\"3cf6b07\" data-element_type=\"widget\" data-widget_type=\"image-box.default\">\n\t\t\t\t<div class=\"elementor-widget-container\">\n\t\t\t\t\t<div class=\"elementor-image-box-wrapper\"><figure class=\"elementor-image-box-img\"><img decoding=\"async\" width=\"49\" height=\"50\" src=\"https:\/\/gmvenvios.com\/wp-content\/uploads\/2023\/09\/faq.png\" class=\"attachment-full size-full wp-image-229\" alt=\"\" \/><\/figure><div class=\"elementor-image-box-content\"><h3 class=\"elementor-image-box-title\">What services does GMV Envios offer?<\/h3><p class=\"elementor-image-box-description\">We offer an online platform for registration and generation of shipping labels for Brazil, as well as internal labels from UPS\/Fedex when necessary.<\/p><\/div><\/div>\t\t\t\t<\/div>\n\t\t\t\t<\/div>\n\t\t\t\t\t<\/div>\n\t\t<\/div>\n\t\t\t\t\t<\/div>\n\t\t<\/section>\n\t\t\t\t<section class=\"elementor-section elementor-inner-section elementor-element elementor-element-bd47731 elementor-section-boxed elementor-section-height-default elementor-section-height-default\" data-id=\"bd47731\" data-element_type=\"section\">\n\t\t\t\t\t\t<div class=\"elementor-container elementor-column-gap-default\">\n\t\t\t\t\t<div class=\"elementor-column elementor-col-50 elementor-inner-column elementor-element elementor-element-4f0ce59\" data-id=\"4f0ce59\" data-element_type=\"column\" data-settings=\"{&quot;background_background&quot;:&quot;classic&quot;}\">\n\t\t\t<div class=\"elementor-widget-wrap elementor-element-populated\">\n\t\t\t\t\t\t<div class=\"elementor-element elementor-element-04757ba elementor-position-left elementor-vertical-align-top elementor-widget elementor-widget-image-box\" data-id=\"04757ba\" data-element_type=\"widget\" data-widget_type=\"image-box.default\">\n\t\t\t\t<div class=\"elementor-widget-container\">\n\t\t\t\t\t<div class=\"elementor-image-box-wrapper\"><figure class=\"elementor-image-box-img\"><img decoding=\"async\" width=\"49\" height=\"50\" src=\"https:\/\/gmvenvios.com\/wp-content\/uploads\/2023\/09\/faq.png\" class=\"attachment-full size-full wp-image-229\" alt=\"\" \/><\/figure><div class=\"elementor-image-box-content\"><h3 class=\"elementor-image-box-title\">Who can use GMV Envios services?<\/h3><p class=\"elementor-image-box-description\">Forwarders, Personal Shoppers, Amazon Sellers, E-commerce businesses, and individuals residing in the USA and Canada.<\/p><\/div><\/div>\t\t\t\t<\/div>\n\t\t\t\t<\/div>\n\t\t\t\t\t<\/div>\n\t\t<\/div>\n\t\t\t\t<div class=\"elementor-column elementor-col-50 elementor-inner-column elementor-element elementor-element-7eb9f37\" data-id=\"7eb9f37\" data-element_type=\"column\" data-settings=\"{&quot;background_background&quot;:&quot;classic&quot;}\">\n\t\t\t<div class=\"elementor-widget-wrap elementor-element-populated\">\n\t\t\t\t\t\t<div class=\"elementor-element elementor-element-a1110b9 elementor-position-left elementor-vertical-align-top elementor-widget elementor-widget-image-box\" data-id=\"a1110b9\" data-element_type=\"widget\" data-widget_type=\"image-box.default\">\n\t\t\t\t<div class=\"elementor-widget-container\">\n\t\t\t\t\t<div class=\"elementor-image-box-wrapper\"><figure class=\"elementor-image-box-img\"><img decoding=\"async\" width=\"49\" height=\"50\" src=\"https:\/\/gmvenvios.com\/wp-content\/uploads\/2023\/09\/faq.png\" class=\"attachment-full size-full wp-image-229\" alt=\"\" \/><\/figure><div class=\"elementor-image-box-content\"><h3 class=\"elementor-image-box-title\">I am an importer and live in Brazil, can I use your services?<\/h3><p class=\"elementor-image-box-description\">No, you need a forwarder or Personal Shopper. Get in touch with us, and we will recommend a partner for you.<\/p><\/div><\/div>\t\t\t\t<\/div>\n\t\t\t\t<\/div>\n\t\t\t\t\t<\/div>\n\t\t<\/div>\n\t\t\t\t\t<\/div>\n\t\t<\/section>\n\t\t\t\t<section class=\"elementor-section elementor-inner-section elementor-element elementor-element-d38b1d8 elementor-section-boxed elementor-section-height-default elementor-section-height-default\" data-id=\"d38b1d8\" data-element_type=\"section\">\n\t\t\t\t\t\t<div class=\"elementor-container elementor-column-gap-default\">\n\t\t\t\t\t<div class=\"elementor-column elementor-col-50 elementor-inner-column elementor-element elementor-element-e0687aa\" data-id=\"e0687aa\" data-element_type=\"column\" data-settings=\"{&quot;background_background&quot;:&quot;classic&quot;}\">\n\t\t\t<div class=\"elementor-widget-wrap elementor-element-populated\">\n\t\t\t\t\t\t<div class=\"elementor-element elementor-element-c86bc36 elementor-position-left elementor-vertical-align-top elementor-widget elementor-widget-image-box\" data-id=\"c86bc36\" data-element_type=\"widget\" data-widget_type=\"image-box.default\">\n\t\t\t\t<div class=\"elementor-widget-container\">\n\t\t\t\t\t<div class=\"elementor-image-box-wrapper\"><figure class=\"elementor-image-box-img\"><img decoding=\"async\" width=\"49\" height=\"50\" src=\"https:\/\/gmvenvios.com\/wp-content\/uploads\/2023\/09\/faq.png\" class=\"attachment-full size-full wp-image-229\" alt=\"\" \/><\/figure><div class=\"elementor-image-box-content\"><h3 class=\"elementor-image-box-title\">What is the GMV Envios' operating hours?<\/h3><p class=\"elementor-image-box-description\">We operate during Miami's business hours, from Monday to Friday, from 8:00 AM to 5:00 PM.<\/p><\/div><\/div>\t\t\t\t<\/div>\n\t\t\t\t<\/div>\n\t\t\t\t\t<\/div>\n\t\t<\/div>\n\t\t\t\t<div class=\"elementor-column elementor-col-50 elementor-inner-column elementor-element elementor-element-828222e\" data-id=\"828222e\" data-element_type=\"column\" data-settings=\"{&quot;background_background&quot;:&quot;classic&quot;}\">\n\t\t\t<div class=\"elementor-widget-wrap elementor-element-populated\">\n\t\t\t\t\t\t<div class=\"elementor-element elementor-element-010b553 elementor-position-left elementor-vertical-align-top elementor-widget elementor-widget-image-box\" data-id=\"010b553\" data-element_type=\"widget\" data-widget_type=\"image-box.default\">\n\t\t\t\t<div class=\"elementor-widget-container\">\n\t\t\t\t\t<div class=\"elementor-image-box-wrapper\"><figure class=\"elementor-image-box-img\"><img decoding=\"async\" width=\"49\" height=\"50\" src=\"https:\/\/gmvenvios.com\/wp-content\/uploads\/2023\/09\/faq.png\" class=\"attachment-full size-full wp-image-229\" alt=\"\" \/><\/figure><div class=\"elementor-image-box-content\"><h3 class=\"elementor-image-box-title\">I live in Miami, can I make a personal delivery?<\/h3><p class=\"elementor-image-box-description\">Yes, we accept personal deliveries at Home DeliveryBR from Monday to Friday, between 9:00 AM and 4:30 PM.<\/p><\/div><\/div>\t\t\t\t<\/div>\n\t\t\t\t<\/div>\n\t\t\t\t\t<\/div>\n\t\t<\/div>\n\t\t\t\t\t<\/div>\n\t\t<\/section>\n\t\t\t\t<section class=\"elementor-section elementor-inner-section elementor-element elementor-element-65a4b58 elementor-section-boxed elementor-section-height-default elementor-section-height-default\" data-id=\"65a4b58\" data-element_type=\"section\">\n\t\t\t\t\t\t<div class=\"elementor-container elementor-column-gap-default\">\n\t\t\t\t\t<div class=\"elementor-column elementor-col-50 elementor-inner-column elementor-element elementor-element-41f2ffa\" data-id=\"41f2ffa\" data-element_type=\"column\" data-settings=\"{&quot;background_background&quot;:&quot;classic&quot;}\">\n\t\t\t<div class=\"elementor-widget-wrap elementor-element-populated\">\n\t\t\t\t\t\t<div class=\"elementor-element elementor-element-9eb167e elementor-position-left elementor-vertical-align-top elementor-widget elementor-widget-image-box\" data-id=\"9eb167e\" data-element_type=\"widget\" data-widget_type=\"image-box.default\">\n\t\t\t\t<div class=\"elementor-widget-container\">\n\t\t\t\t\t<div class=\"elementor-image-box-wrapper\"><figure class=\"elementor-image-box-img\"><img decoding=\"async\" width=\"49\" height=\"50\" src=\"https:\/\/gmvenvios.com\/wp-content\/uploads\/2023\/09\/faq.png\" class=\"attachment-full size-full wp-image-229\" alt=\"\" \/><\/figure><div class=\"elementor-image-box-content\"><h3 class=\"elementor-image-box-title\">What are the payment methods?<\/h3><p class=\"elementor-image-box-description\">We accept various forms of payment, and the balance is credited within 2 hours of receipt during our operating hours.<\/p><\/div><\/div>\t\t\t\t<\/div>\n\t\t\t\t<\/div>\n\t\t\t\t\t<\/div>\n\t\t<\/div>\n\t\t\t\t<div class=\"elementor-column elementor-col-50 elementor-inner-column elementor-element elementor-element-3150319\" data-id=\"3150319\" data-element_type=\"column\" data-settings=\"{&quot;background_background&quot;:&quot;classic&quot;}\">\n\t\t\t<div class=\"elementor-widget-wrap elementor-element-populated\">\n\t\t\t\t\t\t<div class=\"elementor-element elementor-element-9e8d247 elementor-position-left elementor-vertical-align-top elementor-widget elementor-widget-image-box\" data-id=\"9e8d247\" data-element_type=\"widget\" data-widget_type=\"image-box.default\">\n\t\t\t\t<div class=\"elementor-widget-container\">\n\t\t\t\t\t<div class=\"elementor-image-box-wrapper\"><figure class=\"elementor-image-box-img\"><img decoding=\"async\" width=\"49\" height=\"50\" src=\"https:\/\/gmvenvios.com\/wp-content\/uploads\/2023\/09\/faq.png\" class=\"attachment-full size-full wp-image-229\" alt=\"\" \/><\/figure><div class=\"elementor-image-box-content\"><h3 class=\"elementor-image-box-title\">How does the return of boxes blocked in Brazil work?<\/h3><p class=\"elementor-image-box-description\">Since February 2022, the Brazilian Federal Revenue has authorized the return of blocked boxes. The process varies according to the modalities and is subject to approval by the Federal Revenue. All the details are specified in our Terms and Conditions.<\/p><\/div><\/div>\t\t\t\t<\/div>\n\t\t\t\t<\/div>\n\t\t\t\t\t<\/div>\n\t\t<\/div>\n\t\t\t\t\t<\/div>\n\t\t<\/section>\n\t\t\t\t<section class=\"elementor-section elementor-inner-section elementor-element elementor-element-0054b39 elementor-section-boxed elementor-section-height-default elementor-section-height-default\" data-id=\"0054b39\" data-element_type=\"section\">\n\t\t\t\t\t\t<div class=\"elementor-container elementor-column-gap-default\">\n\t\t\t\t\t<div class=\"elementor-column elementor-col-50 elementor-inner-column elementor-element elementor-element-13209e8\" data-id=\"13209e8\" data-element_type=\"column\" data-settings=\"{&quot;background_background&quot;:&quot;classic&quot;}\">\n\t\t\t<div class=\"elementor-widget-wrap elementor-element-populated\">\n\t\t\t\t\t\t<div class=\"elementor-element elementor-element-bc5e065 elementor-position-left elementor-vertical-align-top elementor-widget elementor-widget-image-box\" data-id=\"bc5e065\" data-element_type=\"widget\" data-widget_type=\"image-box.default\">\n\t\t\t\t<div class=\"elementor-widget-container\">\n\t\t\t\t\t<div class=\"elementor-image-box-wrapper\"><figure class=\"elementor-image-box-img\"><img decoding=\"async\" width=\"49\" height=\"50\" src=\"https:\/\/gmvenvios.com\/wp-content\/uploads\/2023\/09\/faq.png\" class=\"attachment-full size-full wp-image-229\" alt=\"\" \/><\/figure><div class=\"elementor-image-box-content\"><h3 class=\"elementor-image-box-title\">What products are prohibited to send?<\/h3><p class=\"elementor-image-box-description\">Users should be aware of the prohibited products and follow the guidelines to avoid issues with customs.<\/p><\/div><\/div>\t\t\t\t<\/div>\n\t\t\t\t<\/div>\n\t\t\t\t\t<\/div>\n\t\t<\/div>\n\t\t\t\t<div class=\"elementor-column elementor-col-50 elementor-inner-column elementor-element elementor-element-e780a18\" data-id=\"e780a18\" data-element_type=\"column\" data-settings=\"{&quot;background_background&quot;:&quot;classic&quot;}\">\n\t\t\t<div class=\"elementor-widget-wrap elementor-element-populated\">\n\t\t\t\t\t\t<div class=\"elementor-element elementor-element-6e8b229 elementor-position-left elementor-vertical-align-top elementor-widget elementor-widget-image-box\" data-id=\"6e8b229\" data-element_type=\"widget\" data-widget_type=\"image-box.default\">\n\t\t\t\t<div class=\"elementor-widget-container\">\n\t\t\t\t\t<div class=\"elementor-image-box-wrapper\"><figure class=\"elementor-image-box-img\"><img decoding=\"async\" width=\"49\" height=\"50\" src=\"https:\/\/gmvenvios.com\/wp-content\/uploads\/2023\/09\/faq.png\" class=\"attachment-full size-full wp-image-229\" alt=\"\" \/><\/figure><div class=\"elementor-image-box-content\"><h3 class=\"elementor-image-box-title\">What is the business relationship between GMV Envios, Home DeliveryBR, and the customer?<\/h3><p class=\"elementor-image-box-description\">The business relationship is exclusively between GMV Envios and the customer. Any communication with Home DeliveryBR should be done through GMV Envios. Similarly, the importer should only have contact with their personal shopper or forwarder.<\/p><\/div><\/div>\t\t\t\t<\/div>\n\t\t\t\t<\/div>\n\t\t\t\t\t<\/div>\n\t\t<\/div>\n\t\t\t\t\t<\/div>\n\t\t<\/section>\n\t\t\t\t<section class=\"elementor-section elementor-inner-section elementor-element elementor-element-2048cf2 elementor-section-boxed elementor-section-height-default elementor-section-height-default\" data-id=\"2048cf2\" data-element_type=\"section\">\n\t\t\t\t\t\t<div class=\"elementor-container elementor-column-gap-default\">\n\t\t\t\t\t<div class=\"elementor-column elementor-col-50 elementor-inner-column elementor-element elementor-element-42ee814\" data-id=\"42ee814\" data-element_type=\"column\" data-settings=\"{&quot;background_background&quot;:&quot;classic&quot;}\">\n\t\t\t<div class=\"elementor-widget-wrap elementor-element-populated\">\n\t\t\t\t\t\t<div class=\"elementor-element elementor-element-91de781 elementor-position-left elementor-vertical-align-top elementor-widget elementor-widget-image-box\" data-id=\"91de781\" data-element_type=\"widget\" data-widget_type=\"image-box.default\">\n\t\t\t\t<div class=\"elementor-widget-container\">\n\t\t\t\t\t<div class=\"elementor-image-box-wrapper\"><figure class=\"elementor-image-box-img\"><img decoding=\"async\" width=\"49\" height=\"50\" src=\"https:\/\/gmvenvios.com\/wp-content\/uploads\/2023\/09\/faq.png\" class=\"attachment-full size-full wp-image-229\" alt=\"\" \/><\/figure><div class=\"elementor-image-box-content\"><h3 class=\"elementor-image-box-title\">How should I keep my information up to date?<\/h3><p class=\"elementor-image-box-description\">Users are responsible for keeping their contact information up to date.<\/p><\/div><\/div>\t\t\t\t<\/div>\n\t\t\t\t<\/div>\n\t\t\t\t\t<\/div>\n\t\t<\/div>\n\t\t\t\t<div class=\"elementor-column elementor-col-50 elementor-inner-column elementor-element elementor-element-b282ac2\" data-id=\"b282ac2\" data-element_type=\"column\" data-settings=\"{&quot;background_background&quot;:&quot;classic&quot;}\">\n\t\t\t<div class=\"elementor-widget-wrap elementor-element-populated\">\n\t\t\t\t\t\t<div class=\"elementor-element elementor-element-178206c elementor-position-left elementor-vertical-align-top elementor-widget elementor-widget-image-box\" data-id=\"178206c\" data-element_type=\"widget\" data-widget_type=\"image-box.default\">\n\t\t\t\t<div class=\"elementor-widget-container\">\n\t\t\t\t\t<div class=\"elementor-image-box-wrapper\"><figure class=\"elementor-image-box-img\"><img decoding=\"async\" width=\"49\" height=\"50\" src=\"https:\/\/gmvenvios.com\/wp-content\/uploads\/2023\/09\/faq.png\" class=\"attachment-full size-full wp-image-229\" alt=\"\" \/><\/figure><div class=\"elementor-image-box-content\"><h3 class=\"elementor-image-box-title\">How does GMV Envios use my information?<\/h3><p class=\"elementor-image-box-description\">The information is used solely for the generation of shipping labels and contact with the customer, if necessary.<\/p><\/div><\/div>\t\t\t\t<\/div>\n\t\t\t\t<\/div>\n\t\t\t\t\t<\/div>\n\t\t<\/div>\n\t\t\t\t\t<\/div>\n\t\t<\/section>\n\t\t\t\t<section class=\"elementor-section elementor-inner-section elementor-element elementor-element-070ab20 elementor-section-boxed elementor-section-height-default elementor-section-height-default\" data-id=\"070ab20\" data-element_type=\"section\">\n\t\t\t\t\t\t<div class=\"elementor-container elementor-column-gap-default\">\n\t\t\t\t\t<div class=\"elementor-column elementor-col-50 elementor-inner-column elementor-element elementor-element-9c9892d\" data-id=\"9c9892d\" data-element_type=\"column\" data-settings=\"{&quot;background_background&quot;:&quot;classic&quot;}\">\n\t\t\t<div class=\"elementor-widget-wrap elementor-element-populated\">\n\t\t\t\t\t\t<div class=\"elementor-element elementor-element-8b3b2fd elementor-position-left elementor-vertical-align-top elementor-widget elementor-widget-image-box\" data-id=\"8b3b2fd\" data-element_type=\"widget\" data-widget_type=\"image-box.default\">\n\t\t\t\t<div class=\"elementor-widget-container\">\n\t\t\t\t\t<div class=\"elementor-image-box-wrapper\"><figure class=\"elementor-image-box-img\"><img decoding=\"async\" width=\"49\" height=\"50\" src=\"https:\/\/gmvenvios.com\/wp-content\/uploads\/2023\/09\/faq.png\" class=\"attachment-full size-full wp-image-229\" alt=\"\" \/><\/figure><div class=\"elementor-image-box-content\"><h3 class=\"elementor-image-box-title\">Can GMV Envios change the terms and conditions?<\/h3><p class=\"elementor-image-box-description\">Yes, GMV Envios reserves the right to change any commercial terms at any time.<\/p><\/div><\/div>\t\t\t\t<\/div>\n\t\t\t\t<\/div>\n\t\t\t\t\t<\/div>\n\t\t<\/div>\n\t\t\t\t<div class=\"elementor-column elementor-col-50 elementor-inner-column elementor-element elementor-element-e1b3837\" data-id=\"e1b3837\" data-element_type=\"column\" data-settings=\"{&quot;background_background&quot;:&quot;classic&quot;}\">\n\t\t\t<div class=\"elementor-widget-wrap elementor-element-populated\">\n\t\t\t\t\t\t<div class=\"elementor-element elementor-element-29fbdfb elementor-position-left elementor-vertical-align-top elementor-widget elementor-widget-image-box\" data-id=\"29fbdfb\" data-element_type=\"widget\" data-widget_type=\"image-box.default\">\n\t\t\t\t<div class=\"elementor-widget-container\">\n\t\t\t\t\t<div class=\"elementor-image-box-wrapper\"><figure class=\"elementor-image-box-img\"><img decoding=\"async\" width=\"49\" height=\"50\" src=\"https:\/\/gmvenvios.com\/wp-content\/uploads\/2023\/09\/faq.png\" class=\"attachment-full size-full wp-image-229\" alt=\"\" \/><\/figure><div class=\"elementor-image-box-content\"><h3 class=\"elementor-image-box-title\">Under which laws does GMV Envios operate?<\/h3><p class=\"elementor-image-box-description\">We are based in Florida and operate under local laws.<\/p><\/div><\/div>\t\t\t\t<\/div>\n\t\t\t\t<\/div>\n\t\t\t\t\t<\/div>\n\t\t<\/div>\n\t\t\t\t\t<\/div>\n\t\t<\/section>\n\t\t\t\t\t<\/div>\n\t\t<\/div>\n\t\t\t\t\t<\/div>\n\t\t<\/section>\n\t\t\t\t<\/div>","protected":false},"excerpt":{"rendered":"<p>FAQ Perguntas Frequentes Perguntas Mais Populares O que s\u00e3o os &#8220;Termos e Condi\u00e7\u00f5es&#8221; da GMV Envios? A GMV Brands and Services LLC, que opera sob o nome &#8220;GMV Envios&#8221;, fornece um contrato para utiliza\u00e7\u00e3o. Ao come\u00e7ar a usar nossos servi\u00e7os, entende-se que voc\u00ea est\u00e1 de acordo com o mesmo. Quais servi\u00e7os a GMV Envios oferece? [&hellip;]<\/p>","protected":false},"author":1,"featured_media":0,"parent":0,"menu_order":0,"comment_status":"closed","ping_status":"closed","template":"elementor_header_footer","meta":{"_monsterinsights_skip_tracking":false,"_monsterinsights_sitenote_active":false,"_monsterinsights_sitenote_note":"","_monsterinsights_sitenote_category":0,"footnotes":""},"class_list":["post-226","page","type-page","status-publish","hentry"],"_links":{"self":[{"href":"https:\/\/gmvenvios.com\/en\/wp-json\/wp\/v2\/pages\/226","targetHints":{"allow":["GET"]}}],"collection":[{"href":"https:\/\/gmvenvios.com\/en\/wp-json\/wp\/v2\/pages"}],"about":[{"href":"https:\/\/gmvenvios.com\/en\/wp-json\/wp\/v2\/types\/page"}],"author":[{"embeddable":true,"href":"https:\/\/gmvenvios.com\/en\/wp-json\/wp\/v2\/users\/1"}],"replies":[{"embeddable":true,"href":"https:\/\/gmvenvios.com\/en\/wp-json\/wp\/v2\/comments?post=226"}],"version-history":[{"count":58,"href":"https:\/\/gmvenvios.com\/en\/wp-json\/wp\/v2\/pages\/226\/revisions"}],"predecessor-version":[{"id":721,"href":"https:\/\/gmvenvios.com\/en\/wp-json\/wp\/v2\/pages\/226\/revisions\/721"}],"wp:attachment":[{"href":"https:\/\/gmvenvios.com\/en\/wp-json\/wp\/v2\/media?parent=226"}],"curies":[{"name":"wp","href":"https:\/\/api.w.org\/{rel}","templated":true}]}}